{"id":9004111227358225,"date":"2022-01-12T14:41:47","date_gmt":"2022-01-12T13:41:47","guid":{"rendered":"https:\/\/magnorvinduet.no\/?page_id=9004111227358225"},"modified":"2022-08-11T14:34:14","modified_gmt":"2022-08-11T12:34:14","slug":"hallbarhet","status":"publish","type":"page","link":"https:\/\/magnorvinduet.no\/sv\/hallbarhet\/","title":{"rendered":"H\u00c5LLBARHET"},"content":{"rendered":"<div class=\"wpb-content-wrapper\"><p>[vc_row el_class=&#8221;about-us-top&#8221;][vc_column width=&#8221;1\/4&#8243;][\/vc_column][vc_column width=&#8221;1\/2&#8243;][vc_column_text]<\/p>\n<h1>H\u00c5LLBARHET<\/h1>\n<p><span class=\"Y2IQFc\" lang=\"sv\">MagnorVinduet tar milj\u00f6 p\u00e5 allvar och \u00e4r m\u00e5na om h\u00e5llbar norsk produktion.<\/span><\/p>\n<p><span class=\"Y2IQFc\" lang=\"sv\">Vi tillverkar h\u00f6gkvalitativa produkter med l\u00e5ng livsl\u00e4ngd och av kortv\u00e4ga och \u00e5tervinningsbara material. Vi st\u00e4ller h\u00f6ga krav p\u00e5 \u00e5tervinning, materialval och leverant\u00f6rer. P\u00e5 v\u00e5r fabrik p\u00e5 Magnor \u00e4r vi m\u00e5na om v\u00e4lm\u00e5ende, milj\u00f6 och utveckling.<\/span>[\/vc_column_text][vc_column_text el_class=&#8221;magnor-button&#8221; css=&#8221;.vc_custom_1660221356710{margin-top: -40px !important;}&#8221;]<a href=\"https:\/\/magnorvinduet.no\/sv\/?page_id=9004111227355729\">BREEAM<\/a>[\/vc_column_text][\/vc_column][vc_column width=&#8221;1\/4&#8243;][\/vc_column][\/vc_row][vc_row full_width=&#8221;stretch_row&#8221; bg_type=&#8221;bg_color&#8221; bg_color_value=&#8221;#ffffff&#8221; el_class=&#8221;padded-section-bottom&#8221;][vc_column][vc_single_image image=&#8221;9004111227358229&#8243; img_size=&#8221;full&#8221;][\/vc_column][\/vc_row]<\/p>\n<\/div>","protected":false},"excerpt":{"rendered":"<p>[vc_row el_class=&#8221;about-us-top&#8221;][vc_column width=&#8221;1\/4&#8243;][\/vc_column][vc_column width=&#8221;1\/2&#8243;][vc_column_text] H\u00c5LLBARHET MagnorVinduet tar milj\u00f6 p\u00e5 allvar och \u00e4r m\u00e5na om h\u00e5llbar norsk produktion. Vi tillverkar h\u00f6gkvalitativa produkter med l\u00e5ng livsl\u00e4ngd och av kortv\u00e4ga och \u00e5tervinningsbara material. Vi st\u00e4ller h\u00f6ga krav p\u00e5 \u00e5tervinning, materialval och leverant\u00f6rer. P\u00e5 v\u00e5r fabrik p\u00e5 Magnor \u00e4r vi m\u00e5na om v\u00e4lm\u00e5ende, milj\u00f6 och utveckling.[\/vc_column_text][vc_column_text el_class=&#8221;magnor-button&#8221; css=&#8221;.vc_custom_1660221356710{margin-top: -40px [&hellip;]<\/p>\n","protected":false},"author":1,"featured_media":0,"parent":0,"menu_order":0,"comment_status":"closed","ping_status":"closed","template":"","meta":{"footnotes":""},"class_list":["post-9004111227358225","page","type-page","status-publish","hentry"],"_links":{"self":[{"href":"https:\/\/magnorvinduet.no\/sv\/wp-json\/wp\/v2\/pages\/9004111227358225","targetHints":{"allow":["GET"]}}],"collection":[{"href":"https:\/\/magnorvinduet.no\/sv\/wp-json\/wp\/v2\/pages"}],"about":[{"href":"https:\/\/magnorvinduet.no\/sv\/wp-json\/wp\/v2\/types\/page"}],"author":[{"embeddable":true,"href":"https:\/\/magnorvinduet.no\/sv\/wp-json\/wp\/v2\/users\/1"}],"replies":[{"embeddable":true,"href":"https:\/\/magnorvinduet.no\/sv\/wp-json\/wp\/v2\/comments?post=9004111227358225"}],"version-history":[{"count":0,"href":"https:\/\/magnorvinduet.no\/sv\/wp-json\/wp\/v2\/pages\/9004111227358225\/revisions"}],"wp:attachment":[{"href":"https:\/\/magnorvinduet.no\/sv\/wp-json\/wp\/v2\/media?parent=9004111227358225"}],"curies":[{"name":"wp","href":"https:\/\/api.w.org\/{rel}","templated":true}]}}