{"id":9004111227355726,"date":"2020-12-09T15:44:59","date_gmt":"2020-12-09T14:44:59","guid":{"rendered":"https:\/ledige-stillinger\/magnorredesign.wpengine.com\/?page_id=9004111227355726"},"modified":"2025-10-13T10:00:50","modified_gmt":"2025-10-13T08:00:50","slug":"anstallda","status":"publish","type":"page","link":"https:\/\/magnorvinduet.no\/sv\/kontakta-oss\/anstallda\/","title":{"rendered":"Anst\u00e4llda"},"content":{"rendered":"<div class=\"wpb-content-wrapper\"><p>[vc_row el_class=&#8221;subpage-top&#8221;][vc_column][vc_column_text css_animation=&#8221;slideInUp&#8221;]<\/p>\n<h1><span lang=\"sv\">Anst\u00e4llda<\/span><\/h1>\n<p>[\/vc_column_text][\/vc_column][\/vc_row][vc_row gap=&#8221;35&#8243;][vc_column width=&#8221;1\/4&#8243;][vc_single_image image=&#8221;9004111227353613&#8243; img_size=&#8221;full&#8221; el_class=&#8221;ansatt-bilde&#8221;][vc_column_text el_class=&#8221;ansatt&#8221;]<strong>Erling Kjerrg\u00e5rd<br \/>\n<\/strong><em>Projektledare, f\u00f6rs\u00e4ljning<\/em><\/p>\n<p>Ansvarlig f\u00f6r<br \/>\n<em>Hordaland, Sogn og Fjordane<\/em><\/p>\n<p><a href=\"mailto:ek@hvm.no\">ek@hvm.no<\/a><br \/>\n<a href=\"tel:90723203\">90 72 32 03<\/a>[\/vc_column_text][\/vc_column][vc_column width=&#8221;1\/4&#8243;][vc_single_image image=&#8221;9004111227353615&#8243; img_size=&#8221;full&#8221; el_class=&#8221;ansatt-bilde&#8221;][vc_column_text el_class=&#8221;ansatt&#8221;]<strong>Tor Andr\u00e9 Aspenes<br \/>\n<\/strong><em><span lang=\"sv\">Regionchef<\/span><\/em><\/p>\n<p>Ansvarlig f\u00f6r<br \/>\n<em>Oslo, Buskerud, \u00d8stfold, Vestfold, Telemark, Vest-Agder, Aust-Agder<\/em><\/p>\n<p><a href=\"mailto:ta@hvm.no\">ta@hvm.no<\/a><br \/>\n<a href=\"tel:92832113\">92 83 21 13<\/a>[\/vc_column_text][\/vc_column][vc_column width=&#8221;1\/4&#8243;][vc_single_image image=&#8221;9004111227353624&#8243; img_size=&#8221;full&#8221; el_class=&#8221;ansatt-bilde&#8221;][vc_column_text el_class=&#8221;ansatt&#8221;]<strong>Sturle S\u00f8rstr\u00f8nen<br \/>\n<\/strong><em><span lang=\"sv\">F\u00f6rs\u00e4ljningschef<\/span><\/em><\/p>\n<p>Ansvarlig f\u00f6r<br \/>\n<em>Rogaland, Vest-Agder, Aust-Agder<\/em><\/p>\n<p><a href=\"mailto:sts@hvm.no\">sts@hvm.no<\/a><br \/>\n<a href=\"tel:90723207\">90 72 32 07<\/a>[\/vc_column_text][\/vc_column][vc_column width=&#8221;1\/4&#8243;][vc_single_image image=&#8221;9004111227353616&#8243; img_size=&#8221;full&#8221; el_class=&#8221;ansatt-bilde&#8221;][vc_column_text el_class=&#8221;ansatt&#8221;]<strong>Vidar Hjelle<br \/>\n<\/strong><em>Projekts\u00e4ljare<\/em><\/p>\n<p>Ansvarlig f\u00f6r<br \/>\n<em>Finnmark, Troms, Tr\u00f8ndelag<\/em><\/p>\n<p><a href=\"mailto:vh@hvm.no\">vh@hvm.no<\/a><br \/>\n<a href=\"tlf:90185966\">90 18 59 66<\/a>[\/vc_column_text][\/vc_column][\/vc_row][vc_row gap=&#8221;35&#8243;][vc_column width=&#8221;1\/4&#8243;][vc_single_image image=&#8221;9004111227353623&#8243; img_size=&#8221;full&#8221; el_class=&#8221;ansatt-bilde&#8221;][vc_column_text el_class=&#8221;ansatt&#8221;]<strong>Leif Gunnar Borgen<br \/>\n<\/strong><em><span lang=\"sv\">Produktchef<\/span><\/em><\/p>\n<p><a href=\"mailto:lgb@hvm.no\">lgb@hvm.no<\/a>[\/vc_column_text][\/vc_column][vc_column width=&#8221;1\/4&#8243;][vc_single_image image=&#8221;9004111227353622&#8243; img_size=&#8221;full&#8221; el_class=&#8221;ansatt-bilde&#8221;][vc_column_text el_class=&#8221;ansatt&#8221;]<strong>Ole-Vidar Skaathun<br \/>\n<\/strong><em>Verkst\u00e4llande direkt\u00f6r<\/em><\/p>\n<p><a href=\"mailto:ovs@hvm.no\">ovs@hvm.no<\/a>[\/vc_column_text][\/vc_column][vc_column width=&#8221;1\/4&#8243;][vc_single_image image=&#8221;9004111227353625&#8243; img_size=&#8221;full&#8221; el_class=&#8221;ansatt-bilde&#8221;][vc_column_text el_class=&#8221;ansatt&#8221;]<strong>Thord Skaathun<br \/>\n<\/strong><em>Projekts\u00e4ljare<\/em><\/p>\n<p>Ansvarlig f\u00f6r<br \/>\n<em>Hordaland<\/em><\/p>\n<p><a href=\"mailto:tos@hvm.no\">tos@hvm.no<\/a><br \/>\n<a href=\"tel:45863758\">45 86 37 58<\/a>[\/vc_column_text][\/vc_column][vc_column width=&#8221;1\/4&#8243;][vc_single_image image=&#8221;9004111227353620&#8243; img_size=&#8221;full&#8221; el_class=&#8221;ansatt-bilde&#8221;][vc_column_text el_class=&#8221;ansatt&#8221;]<strong>Sveinung Gilje<br \/>\n<\/strong><em>Projektledare, f\u00f6rs\u00e4ljning<br \/>\nAuktoriserad glas- och fasadr\u00e5dgivare<\/em><\/p>\n<p>Ansvarlig f\u00f6r<br \/>\n<em>Rogaland og Adger<\/em><\/p>\n<p>Regionalt kontor Rogaland<br \/>\nIndustriveien 7<br \/>\n4331 \u00c5lg\u00e5rd<\/p>\n<p><a href=\"mailto:osg@hvm.no\">osg@hvm.no<\/a><br \/>\n<a href=\"tel:45279840\">45 27 98 40<\/a>[\/vc_column_text][\/vc_column][\/vc_row][vc_row gap=&#8221;35&#8243; el_class=&#8221;padded-section-bottom&#8221;][vc_column width=&#8221;1\/4&#8243;][vc_single_image image=&#8221;9004111227353621&#8243; img_size=&#8221;full&#8221; el_class=&#8221;ansatt-bilde&#8221;][vc_column_text css=&#8221;&#8221; el_class=&#8221;ansatt&#8221;]<strong>Geir N\u00e6ss<br \/>\n<\/strong><\/p>\n<p>Regionalt kontor Drammen<br \/>\nG\u00e5terudveien 1<br \/>\n3036 Drammen<\/p>\n<p><a href=\"mailto:post@hvm.no\">post@hvm.no<\/a>[\/vc_column_text][\/vc_column][vc_column width=&#8221;1\/4&#8243;][\/vc_column][vc_column width=&#8221;1\/4&#8243;][\/vc_column][vc_column width=&#8221;1\/4&#8243;][\/vc_column][\/vc_row]<\/p>\n<\/div>","protected":false},"excerpt":{"rendered":"<p>[vc_row el_class=&#8221;subpage-top&#8221;][vc_column][vc_column_text css_animation=&#8221;slideInUp&#8221;] Anst\u00e4llda [\/vc_column_text][\/vc_column][\/vc_row][vc_row gap=&#8221;35&#8243;][vc_column width=&#8221;1\/4&#8243;][vc_single_image image=&#8221;9004111227353613&#8243; img_size=&#8221;full&#8221; el_class=&#8221;ansatt-bilde&#8221;][vc_column_text el_class=&#8221;ansatt&#8221;]Erling Kjerrg\u00e5rd Projektledare, f\u00f6rs\u00e4ljning Ansvarlig f\u00f6r Hordaland, Sogn og Fjordane ek@hvm.no 90 72 32 03[\/vc_column_text][\/vc_column][vc_column width=&#8221;1\/4&#8243;][vc_single_image image=&#8221;9004111227353615&#8243; img_size=&#8221;full&#8221; el_class=&#8221;ansatt-bilde&#8221;][vc_column_text el_class=&#8221;ansatt&#8221;]Tor Andr\u00e9 Aspenes Regionchef Ansvarlig f\u00f6r Oslo, Buskerud, \u00d8stfold, Vestfold, Telemark, Vest-Agder, Aust-Agder ta@hvm.no 92 83 21 13[\/vc_column_text][\/vc_column][vc_column width=&#8221;1\/4&#8243;][vc_single_image image=&#8221;9004111227353624&#8243; img_size=&#8221;full&#8221; el_class=&#8221;ansatt-bilde&#8221;][vc_column_text el_class=&#8221;ansatt&#8221;]Sturle S\u00f8rstr\u00f8nen F\u00f6rs\u00e4ljningschef Ansvarlig [&hellip;]<\/p>\n","protected":false},"author":1,"featured_media":0,"parent":9004111227355725,"menu_order":6,"comment_status":"closed","ping_status":"closed","template":"","meta":{"footnotes":""},"class_list":["post-9004111227355726","page","type-page","status-publish","hentry"],"_links":{"self":[{"href":"https:\/\/magnorvinduet.no\/sv\/wp-json\/wp\/v2\/pages\/9004111227355726","targetHints":{"allow":["GET"]}}],"collection":[{"href":"https:\/\/magnorvinduet.no\/sv\/wp-json\/wp\/v2\/pages"}],"about":[{"href":"https:\/\/magnorvinduet.no\/sv\/wp-json\/wp\/v2\/types\/page"}],"author":[{"embeddable":true,"href":"https:\/\/magnorvinduet.no\/sv\/wp-json\/wp\/v2\/users\/1"}],"replies":[{"embeddable":true,"href":"https:\/\/magnorvinduet.no\/sv\/wp-json\/wp\/v2\/comments?post=9004111227355726"}],"version-history":[{"count":0,"href":"https:\/\/magnorvinduet.no\/sv\/wp-json\/wp\/v2\/pages\/9004111227355726\/revisions"}],"up":[{"embeddable":true,"href":"https:\/\/magnorvinduet.no\/sv\/wp-json\/wp\/v2\/pages\/9004111227355725"}],"wp:attachment":[{"href":"https:\/\/magnorvinduet.no\/sv\/wp-json\/wp\/v2\/media?parent=9004111227355726"}],"curies":[{"name":"wp","href":"https:\/\/api.w.org\/{rel}","templated":true}]}}