{"id":9004111227355725,"date":"2020-12-09T15:33:33","date_gmt":"2020-12-09T14:33:33","guid":{"rendered":"https:\/ledige-stillinger\/magnorredesign.wpengine.com\/?page_id=9004111227355725"},"modified":"2023-03-24T11:44:16","modified_gmt":"2023-03-24T10:44:16","slug":"kontakta-oss","status":"publish","type":"page","link":"https:\/\/magnorvinduet.no\/sv\/kontakta-oss\/","title":{"rendered":"Kontakta oss"},"content":{"rendered":"<div class=\"wpb-content-wrapper\"><p>[vc_row gap=&#8221;35&#8243; content_placement=&#8221;middle&#8221; el_class=&#8221;subpage-top&#8221;][vc_column width=&#8221;1\/3&#8243;][vc_column_text]<\/p>\n<h1><span lang=\"sv\">Kontakta oss<\/span><\/h1>\n<p><span lang=\"sv\">Kontakta oss g\u00e4rna om du har fr\u00e5gor eller vill ha ett priserbjudande.<\/span><\/p>\n<p>Telefon:\u00a0<a href=\"tel:55112970\">55 11 29 70<\/a><br \/>\nE-post:\u00a0<a href=\"mailto:post@hvm.no\">post@hvm.no<\/a>[\/vc_column_text][vc_column_text el_class=&#8221;magnor-button&#8221;]<a href=\"https:\/\/magnorvinduet.no\/ansatte\/\">Se v\u00e5re ansatte<\/a>[\/vc_column_text][\/vc_column][vc_column width=&#8221;2\/3&#8243;][vc_column_text]<style type=\"text\/css\" id=\"umsMapStyles_4_43641\">\r\n\t#ultimate_maps_4_43641 {\r\n        width: 100%;\r\n        height: 600px;\r\n\t        border: 0px solid ;\r\n        margin: 0px;\r\n    }\r\n\t#mapsControlsNum_4_43641 {\r\n\t\twidth:100%\t}\r\n\t.umsMapDetailsContainer#umsMapDetailsContainer_4_43641 {\r\n\t\theight:600px;\r\n\t}\r\n\t.ums_MapPreview#ultimate_maps_4_43641 {\r\n\t\t\/*position:absolute;*\/\r\n\t\twidth:100%;\r\n\t}\r\n\t#mapConElem_4_43641{\r\n\t\twidth:100%\t}\r\n\t<\/style>\r\n<div class=\"ums_map_opts\" id=\"mapConElem_4_43641\" data-id=\"4\" data-view-id=\"4_43641\" > <div class=\"umsMapDetailsContainer\" id=\"umsMapDetailsContainer_4_43641\"> <i class=\"umsKMLLayersPreloader fa fa-spinner fa-spin\" aria-hidden=\"true\" style=\"display: none;\"><\/i> <div class=\"ums_MapPreview \" id=\"ultimate_maps_4_43641\"><\/div> <\/div> <div class=\"umsMapMarkerFilters\" id=\"umsMapMarkerFilters_4_43641\"> <\/div> <div class=\"umsMapProControlsCon\" id=\"umsMapProControlsCon_4_43641\"> <a title=\"Google Map Plugin\" style=\"display:none;\" href=\"https:\/\/supsystic.com\/plugins\/google-maps-plugin\/?utm_medium=love_link_hide\" target=\"_blank\" rel=\"noopener\">Google Map Plugin<\/a><div style=\"clear: both;\"><\/div> <\/div> <div class=\"umsMapProDirectionsCon\" id=\"umsMapProDirectionsCon_4_43641\" > <\/div> <div class=\"umsMapProKmlFilterCon\" id=\"umsMapProKmlFilterCon_4_43641\" > <\/div> <div class=\"umsSocialSharingShell umsSocialSharingShell_4_43641\"> <\/div> <div style=\"clear: both;\"><\/div> <\/div> [\/vc_column_text][\/vc_column][\/vc_row][vc_row full_width=&#8221;stretch_row&#8221; bg_type=&#8221;bg_color&#8221; bg_color_value=&#8221;#f7f7f8&#8243; el_class=&#8221;padded-section&#8221;][vc_column width=&#8221;1\/2&#8243;]\n<div class=\"wpcf7 no-js\" id=\"wpcf7-f9004111227355715-o1\" lang=\"en-US\" dir=\"ltr\" data-wpcf7-id=\"9004111227355715\">\n<div class=\"screen-reader-response\"><p role=\"status\" aria-live=\"polite\" aria-atomic=\"true\"><\/p> <ul><\/ul><\/div>\n<form action=\"\/sv\/wp-json\/wp\/v2\/pages\/9004111227355725#wpcf7-f9004111227355715-o1\" method=\"post\" class=\"wpcf7-form init\" aria-label=\"Contact form\" enctype=\"multipart\/form-data\" novalidate=\"novalidate\" data-status=\"init\">\n<fieldset class=\"hidden-fields-container\"><input type=\"hidden\" name=\"_wpcf7\" value=\"9004111227355715\" \/><input type=\"hidden\" name=\"_wpcf7_version\" value=\"6.1.1\" \/><input type=\"hidden\" name=\"_wpcf7_locale\" value=\"en_US\" \/><input type=\"hidden\" name=\"_wpcf7_unit_tag\" value=\"wpcf7-f9004111227355715-o1\" \/><input type=\"hidden\" name=\"_wpcf7_container_post\" value=\"0\" \/><input type=\"hidden\" name=\"_wpcf7_posted_data_hash\" value=\"\" \/>\n<\/fieldset>\n<div class=\"wpcf7-turnstile cf-turnstile\" data-sitekey=\"0x4AAAAAABilIC5KbL2NiXU6\" data-response-field-name=\"_wpcf7_turnstile_response\"><\/div>\n\n<h2>F\u00e5 ett erbjudande!\n<\/h2>\n<p>Kontakta oss \u2013 vi hj\u00e4lper dig g\u00e4rna att hitta en bra l\u00f6sning som passar dina behov!\n<\/p>\n<div class=\"contact-form\">\n\t<div class=\"field-one\">\n\t\t<p><span class=\"wpcf7-form-control-wrap\" data-name=\"fullname\"><input size=\"40\" maxlength=\"400\" class=\"wpcf7-form-control wpcf7-text wpcf7-validates-as-required\" id=\"name\" aria-required=\"true\" aria-invalid=\"false\" placeholder=\"Namn\" value=\"\" type=\"text\" name=\"fullname\" \/><\/span>\n\t\t<\/p>\n\t<\/div>\n\t<div class=\"field-two\">\n\t\t<p><span class=\"wpcf7-form-control-wrap\" data-name=\"tel-601\"><input size=\"40\" maxlength=\"400\" class=\"wpcf7-form-control wpcf7-tel wpcf7-validates-as-required wpcf7-text wpcf7-validates-as-tel\" aria-required=\"true\" aria-invalid=\"false\" placeholder=\"Telefon\" value=\"\" type=\"tel\" name=\"tel-601\" \/><\/span>\n\t\t<\/p>\n\t<\/div>\n\t<div class=\"field-one\">\n\t\t<p><span class=\"wpcf7-form-control-wrap\" data-name=\"email\"><input size=\"40\" maxlength=\"400\" class=\"wpcf7-form-control wpcf7-email wpcf7-validates-as-required wpcf7-text wpcf7-validates-as-email\" id=\"email\" aria-required=\"true\" aria-invalid=\"false\" placeholder=\"E-post\" value=\"\" type=\"email\" name=\"email\" \/><\/span>\n\t\t<\/p>\n\t<\/div>\n\t<div class=\"field-two\">\n\t\t<p><span class=\"wpcf7-form-control-wrap\" data-name=\"text-211\"><input size=\"40\" maxlength=\"400\" class=\"wpcf7-form-control wpcf7-text wpcf7-validates-as-required\" aria-required=\"true\" aria-invalid=\"false\" placeholder=\"Adress\" value=\"\" type=\"text\" name=\"text-211\" \/><\/span>\n\t\t<\/p>\n\t<\/div>\n\t<p><span class=\"wpcf7-form-control-wrap\" data-name=\"message\"><textarea cols=\"40\" rows=\"10\" maxlength=\"2000\" class=\"wpcf7-form-control wpcf7-textarea wpcf7-validates-as-required\" id=\"message\" aria-required=\"true\" aria-invalid=\"false\" placeholder=\"Meddelande\" name=\"message\"><\/textarea><\/span><br \/>\n<span class=\"wpcf7-form-control-wrap\" data-name=\"file-979\"><input size=\"40\" class=\"wpcf7-form-control wpcf7-file\" accept=\".pdf,.txt,.jpg,.png,.doc,.docx\" aria-invalid=\"false\" type=\"file\" name=\"file-979\" \/><\/span><br \/>\n<input class=\"wpcf7-form-control wpcf7-submit has-spinner\" type=\"submit\" value=\"Skicka meddelande\" \/>\n\t<\/p>\n<\/div><div class=\"wpcf7-response-output\" aria-hidden=\"true\"><\/div>\n<\/form>\n<\/div>\n[\/vc_column][vc_column width=&#8221;1\/12&#8243;][\/vc_column][vc_column width=&#8221;5\/12&#8243;][vc_row_inner][vc_column_inner][vc_column_text el_class=&#8221;ansatt&#8221;]<div class=\"sales-box\">\r\n<div class=\"sales-box-image\">\r\n<img decoding=\"async\" src=\"https:\/\/magnorvinduet.no\/wp-content\/uploads\/Skjermbilde-2025-03-18-kl.-14.40.17.png\" alt=\"Sturle S\u00f8rstr\u00f8nen\" \/>\r\n<\/div>\r\n\r\n<div class=\"sales-box-info\">\r\n<p><strong>Sturle S\u00f8rstr\u00f8nen<\/strong><br>\r\nF\u00f6rs\u00e4ljningschef<\/p>\r\n\r\n<a href=\"tel:004790723207\">+47 907 23 207<\/a><br>\r\n<a href=\"mailto:sts@hvm.no\">sts@hvm.no<\/a>\r\n<\/div>\r\n\r\n<\/div>\r\n\r\n<div class=\"sales-box\">\r\n<div class=\"sales-box-image\">\r\n<img decoding=\"async\" src=\"https:\/\/magnorvinduet.no\/wp-content\/uploads\/Skjermbilde-2025-03-18-kl.-14.37.51.png\" alt=\"Tor Andr\u00e8 Aspenes\" \/>\r\n<\/div>\r\n\r\n<div class=\"sales-box-info\">\r\n<p><strong>Tor Andr\u00e8 Aspenes<\/strong><br>\r\nRegionchef<\/p>\r\n\r\n<a href=\"tel:004792832113\">+47 928 32 113<\/a><br>\r\n<a href=\"mailto:ta@hvm.no\">ta@hvm.no<\/a>\r\n<\/div>\r\n\r\n<\/div>[\/vc_column_text][\/vc_column_inner][\/vc_row_inner][\/vc_column][\/vc_row][vc_row][vc_column][vc_row_inner el_class=&#8221;padded-section&#8221;][vc_column_inner width=&#8221;1\/4&#8243;][vc_column_text]<span lang=\"sv\"><strong>Huvudkontor<\/strong><br \/>\n<\/span>Krokeideveien 6<br \/>\n5859 Bergen[\/vc_column_text][\/vc_column_inner][vc_column_inner width=&#8221;1\/4&#8243;][vc_column_text]<strong><span lang=\"sv\">Regionalt kontor <\/span>Rogaland<\/strong><strong><br \/>\n<\/strong>Samuel J. Sandveds vei 16<br \/>\n4319 Sandnes[\/vc_column_text][\/vc_column_inner][vc_column_inner width=&#8221;1\/4&#8243;][vc_column_text]<strong><span lang=\"sv\">Regionalt kontor<\/span> Drammen<br \/>\n<\/strong>Svelvikveien 61<br \/>\n3039 Drammen[\/vc_column_text][\/vc_column_inner][vc_column_inner width=&#8221;1\/4&#8243;][vc_column_text]<strong>Fabrik\/r<span lang=\"sv\">egionalt kontor<\/span> Magnor<br \/>\n<\/strong>Furumoen 61<br \/>\n2240 Magnor[\/vc_column_text][\/vc_column_inner][\/vc_row_inner][\/vc_column][\/vc_row]<\/p>\n<\/div>","protected":false},"excerpt":{"rendered":"<p>[vc_row gap=&#8221;35&#8243; content_placement=&#8221;middle&#8221; el_class=&#8221;subpage-top&#8221;][vc_column width=&#8221;1\/3&#8243;][vc_column_text] Kontakta oss Kontakta oss g\u00e4rna om du har fr\u00e5gor eller vill ha ett priserbjudande. Telefon:\u00a055 11 29 70 E-post:\u00a0post@hvm.no[\/vc_column_text][vc_column_text el_class=&#8221;magnor-button&#8221;]Se v\u00e5re ansatte[\/vc_column_text][\/vc_column][vc_column width=&#8221;2\/3&#8243;][vc_column_text][\/vc_column_text][\/vc_column][\/vc_row][vc_row full_width=&#8221;stretch_row&#8221; bg_type=&#8221;bg_color&#8221; bg_color_value=&#8221;#f7f7f8&#8243; el_class=&#8221;padded-section&#8221;][vc_column width=&#8221;1\/2&#8243;][\/vc_column][vc_column width=&#8221;1\/12&#8243;][\/vc_column][vc_column width=&#8221;5\/12&#8243;][vc_row_inner][vc_column_inner][vc_column_text el_class=&#8221;ansatt&#8221;][\/vc_column_text][\/vc_column_inner][\/vc_row_inner][\/vc_column][\/vc_row][vc_row][vc_column][vc_row_inner el_class=&#8221;padded-section&#8221;][vc_column_inner width=&#8221;1\/4&#8243;][vc_column_text]Huvudkontor Krokeideveien 6 5859 Bergen[\/vc_column_text][\/vc_column_inner][vc_column_inner width=&#8221;1\/4&#8243;][vc_column_text]Regionalt kontor Rogaland Samuel J. Sandveds vei 16 4319 Sandnes[\/vc_column_text][\/vc_column_inner][vc_column_inner width=&#8221;1\/4&#8243;][vc_column_text]Regionalt kontor Drammen [&hellip;]<\/p>\n","protected":false},"author":1,"featured_media":0,"parent":0,"menu_order":6,"comment_status":"closed","ping_status":"closed","template":"","meta":{"footnotes":""},"class_list":["post-9004111227355725","page","type-page","status-publish","hentry"],"_links":{"self":[{"href":"https:\/\/magnorvinduet.no\/sv\/wp-json\/wp\/v2\/pages\/9004111227355725","targetHints":{"allow":["GET"]}}],"collection":[{"href":"https:\/\/magnorvinduet.no\/sv\/wp-json\/wp\/v2\/pages"}],"about":[{"href":"https:\/\/magnorvinduet.no\/sv\/wp-json\/wp\/v2\/types\/page"}],"author":[{"embeddable":true,"href":"https:\/\/magnorvinduet.no\/sv\/wp-json\/wp\/v2\/users\/1"}],"replies":[{"embeddable":true,"href":"https:\/\/magnorvinduet.no\/sv\/wp-json\/wp\/v2\/comments?post=9004111227355725"}],"version-history":[{"count":0,"href":"https:\/\/magnorvinduet.no\/sv\/wp-json\/wp\/v2\/pages\/9004111227355725\/revisions"}],"wp:attachment":[{"href":"https:\/\/magnorvinduet.no\/sv\/wp-json\/wp\/v2\/media?parent=9004111227355725"}],"curies":[{"name":"wp","href":"https:\/\/api.w.org\/{rel}","templated":true}]}}