{"id":9004111227355719,"date":"2020-12-09T15:18:11","date_gmt":"2020-12-09T14:18:11","guid":{"rendered":"https:\/ledige-stillinger\/magnorredesign.wpengine.com\/?page_id=9004111227355719"},"modified":"2020-12-10T08:54:33","modified_gmt":"2020-12-10T07:54:33","slug":"dorrar","status":"publish","type":"page","link":"https:\/\/magnorvinduet.no\/sv\/produkter\/dorrar\/","title":{"rendered":"D\u00f6rrar"},"content":{"rendered":"<div class=\"wpb-content-wrapper\"><p>[vc_row el_class=&#8221;subpage-top&#8221;][vc_column][vc_column_text]<\/p>\n<h1><span lang=\"sv\">D\u00f6rrar<\/span><\/h1>\n<div class=\"vc_row wpb_row vc_row-fluid subpage-top\">\n<div class=\"wpb_column vc_column_container vc_col-sm-12\">\n<div class=\"vc_column-inner\">\n<div class=\"wpb_wrapper\">\n<div class=\"wpb_text_column wpb_content_element \">\n<div class=\"wpb_wrapper\">\n<p>MagnorVinduet \u00e4r de enda produkterna i sitt slag med den unika tredelade konstruktionen. Konstruktionen ger h\u00e5llbara och underh\u00e5llsfria produkter med en livsl\u00e4ngd p\u00e5 60 \u00e5r.<\/p>\n<\/div>\n<\/div>\n<\/div>\n<\/div>\n<\/div>\n<\/div>\n<p>[\/vc_column_text][\/vc_column][\/vc_row][vc_row el_class=&#8221;padded-bottom&#8221;][vc_column][vc_basic_grid post_type=&#8221;produkt&#8221; max_items=&#8221;-1&#8243; order=&#8221;ASC&#8221; item=&#8221;39&#8243; grid_id=&#8221;vc_gid:1607523364927-4ae290e3-1328-10&#8243; taxonomies=&#8221;32&#8243;][\/vc_column][\/vc_row][vc_row el_class=&#8221;padded-section-bottom&#8221;][vc_column][\/vc_column][\/vc_row]<\/p>\n<\/div>","protected":false},"excerpt":{"rendered":"<p>[vc_row el_class=&#8221;subpage-top&#8221;][vc_column][vc_column_text] D\u00f6rrar MagnorVinduet \u00e4r de enda produkterna i sitt slag med den unika tredelade konstruktionen. Konstruktionen ger h\u00e5llbara och underh\u00e5llsfria produkter med en livsl\u00e4ngd p\u00e5 60 \u00e5r. [\/vc_column_text][\/vc_column][\/vc_row][vc_row el_class=&#8221;padded-bottom&#8221;][vc_column][vc_basic_grid post_type=&#8221;produkt&#8221; max_items=&#8221;-1&#8243; order=&#8221;ASC&#8221; item=&#8221;39&#8243; grid_id=&#8221;vc_gid:1607523364927-4ae290e3-1328-10&#8243; taxonomies=&#8221;32&#8243;][\/vc_column][\/vc_row][vc_row el_class=&#8221;padded-section-bottom&#8221;][vc_column][\/vc_column][\/vc_row]<\/p>\n","protected":false},"author":1,"featured_media":0,"parent":9004111227355718,"menu_order":0,"comment_status":"closed","ping_status":"closed","template":"","meta":{"footnotes":""},"class_list":["post-9004111227355719","page","type-page","status-publish","hentry"],"_links":{"self":[{"href":"https:\/\/magnorvinduet.no\/sv\/wp-json\/wp\/v2\/pages\/9004111227355719","targetHints":{"allow":["GET"]}}],"collection":[{"href":"https:\/\/magnorvinduet.no\/sv\/wp-json\/wp\/v2\/pages"}],"about":[{"href":"https:\/\/magnorvinduet.no\/sv\/wp-json\/wp\/v2\/types\/page"}],"author":[{"embeddable":true,"href":"https:\/\/magnorvinduet.no\/sv\/wp-json\/wp\/v2\/users\/1"}],"replies":[{"embeddable":true,"href":"https:\/\/magnorvinduet.no\/sv\/wp-json\/wp\/v2\/comments?post=9004111227355719"}],"version-history":[{"count":0,"href":"https:\/\/magnorvinduet.no\/sv\/wp-json\/wp\/v2\/pages\/9004111227355719\/revisions"}],"up":[{"embeddable":true,"href":"https:\/\/magnorvinduet.no\/sv\/wp-json\/wp\/v2\/pages\/9004111227355718"}],"wp:attachment":[{"href":"https:\/\/magnorvinduet.no\/sv\/wp-json\/wp\/v2\/media?parent=9004111227355719"}],"curies":[{"name":"wp","href":"https:\/\/api.w.org\/{rel}","templated":true}]}}