{"id":9004111227355718,"date":"2020-12-09T15:14:27","date_gmt":"2020-12-09T14:14:27","guid":{"rendered":"https:\/ledige-stillinger\/magnorredesign.wpengine.com\/?page_id=9004111227355718"},"modified":"2023-03-31T12:33:49","modified_gmt":"2023-03-31T10:33:49","slug":"produkter","status":"publish","type":"page","link":"https:\/\/magnorvinduet.no\/sv\/produkter\/","title":{"rendered":"Produkter"},"content":{"rendered":"<div class=\"wpb-content-wrapper\"><p>[vc_row el_class=&#8221;subpage-top&#8221;][vc_column][vc_column_text]<\/p>\n<h1>V\u00e5ra produkter<\/h1>\n<p><span lang=\"sv\">MagnorVinduet \u00e4r de enda produkterna i sitt slag med den unika tredelade konstruktionen. Konstruktionen ger h\u00e5llbara och underh\u00e5llsfria produkter med en livsl\u00e4ngd p\u00e5 60 \u00e5r.<\/span>[\/vc_column_text][\/vc_column][\/vc_row][vc_row gap=&#8221;35&#8243; el_class=&#8221;padded-section-small-bottom&#8221;][vc_column width=&#8221;1\/3&#8243;][vc_single_image image=&#8221;9004111227353683&#8243; img_size=&#8221;1024&#215;800&#8243; onclick=&#8221;custom_link&#8221; link=&#8221;https:\/\/magnorvinduet.no\/produkter\/vinduer\/&#8221;][vc_column_text el_class=&#8221;produkter-title&#8221;]<\/p>\n<h2><a href=\"https:\/\/magnorvinduet.no\/sv\/produkter\/fonster\/\"><span lang=\"sv\">F\u00f6nster<\/span><\/a><\/h2>\n<p>[\/vc_column_text][vc_single_image image=&#8221;9004111227353684&#8243; img_size=&#8221;1024&#215;800&#8243; onclick=&#8221;custom_link&#8221; link=&#8221;https:\/\/magnorvinduet.no\/produkter\/glass\/&#8221;][vc_column_text el_class=&#8221;produkter-title&#8221;]<\/p>\n<h2><a href=\"https:\/\/magnorvinduet.no\/sv\/produkter\/glas\/\">Glas<\/a><\/h2>\n<p>[\/vc_column_text][\/vc_column][vc_column width=&#8221;1\/3&#8243;][vc_single_image image=&#8221;9004111227353682&#8243; img_size=&#8221;1024&#215;800&#8243; onclick=&#8221;custom_link&#8221; link=&#8221;https:\/\/magnorvinduet.no\/produkter\/dorer\/&#8221;][vc_column_text el_class=&#8221;produkter-title&#8221;]<\/p>\n<h2><a href=\"https:\/\/magnorvinduet.no\/sv\/produkter\/dorrar\/\"><span lang=\"sv\">D\u00f6rrar<\/span><\/a><\/h2>\n<p>[\/vc_column_text][vc_single_image image=&#8221;9004111227353687&#8243; img_size=&#8221;1024&#215;800&#8243; onclick=&#8221;custom_link&#8221; link=&#8221;https:\/\/magnorvinduet.no\/produkter\/tilleggsutstyr\/&#8221;][vc_column_text el_class=&#8221;produkter-title&#8221;]<\/p>\n<h2><a href=\"https:\/\/magnorvinduet.no\/sv\/produkter\/utrustning\/\">Utrustning<\/a><\/h2>\n<p>[\/vc_column_text][\/vc_column][vc_column width=&#8221;1\/3&#8243;][vc_single_image image=&#8221;9004111227358665&#8243; img_size=&#8221;1024&#215;800&#8243; onclick=&#8221;custom_link&#8221; link=&#8221;https:\/\/magnorvinduet.no\/produkt\/magnortech-kledningsbeslag\/&#8221;][vc_column_text el_class=&#8221;produkter-title&#8221;]<\/p>\n<h2><a href=\"https:\/\/magnorvinduet.no\/produkt\/magnortech-kledningsbeslag\/\">MagnorTech bekl\u00e4dnadsbeslag<\/a><\/h2>\n<p>[\/vc_column_text][\/vc_column][\/vc_row][vc_row full_width=&#8221;stretch_row&#8221; gap=&#8221;35&#8243; content_placement=&#8221;middle&#8221; bg_type=&#8221;bg_color&#8221; el_class=&#8221;padded-section&#8221; bg_color_value=&#8221;#f7f7f8&#8243;][vc_column width=&#8221;1\/3&#8243;][vc_column_text]<\/p>\n<h2>F\u00f6nster- och d\u00f6rrtyper<\/h2>\n<p>Vi s\u00e4ljer f\u00f6nster och d\u00f6rrar till alla typer av byggnader: bostadsr\u00e4ttsf\u00f6reningar, skolor \/ f\u00f6rskolor, aff\u00e4rsfastigheter, enfamiljshus och fritidsbost\u00e4der. V\u00e5rt sortiment best\u00e5r av: F\u00f6nster, d\u00f6rrar, glas och extrautrustning.<\/p>\n<h2>Enkel montering<\/h2>\n<ul>\n<li>MagnorVinduet \u00e4r k\u00e4nt f\u00f6r sin leveransprecision<\/li>\n<li>Vi levererar \u00e4ven tekniska l\u00f6sningar som g\u00f6r sj\u00e4lva monteringen enkel och s\u00e4ker<\/li>\n<li>Vi har en egen serviceavdelning som kan hj\u00e4lpa till n\u00e4r det uppst\u00e5r speciella utmaningar<\/li>\n<\/ul>\n<h2>Milj\u00f6<\/h2>\n<ul>\n<li>MagnorVinduet kvalificerar f\u00f6r po\u00e4ng enligt BREEAM-NOR energiklassificering (se separat punkt)<\/li>\n<li>Certifierade av Norsk D\u00f8r og Vinduskontroll<\/li>\n<li>Flera av v\u00e5ra produkter har en egen milj\u00f6varudeklaration, EPD (Environmental Product Declaration)<\/li>\n<\/ul>\n<p>[\/vc_column_text][\/vc_column][vc_column width=&#8221;2\/3&#8243;][vc_video link=&#8221;https:\/\/www.youtube.com\/watch?v=A7Hk1YwkmUU&#8221; css=&#8221;.vc_custom_1606898714333{margin-top: 35px !important;margin-bottom: 35px !important;}&#8221;][\/vc_column][\/vc_row]<\/p>\n<\/div>","protected":false},"excerpt":{"rendered":"<p>[vc_row el_class=&#8221;subpage-top&#8221;][vc_column][vc_column_text] V\u00e5ra produkter MagnorVinduet \u00e4r de enda produkterna i sitt slag med den unika tredelade konstruktionen. Konstruktionen ger h\u00e5llbara och underh\u00e5llsfria produkter med en livsl\u00e4ngd p\u00e5 60 \u00e5r.[\/vc_column_text][\/vc_column][\/vc_row][vc_row gap=&#8221;35&#8243; el_class=&#8221;padded-section-small-bottom&#8221;][vc_column width=&#8221;1\/3&#8243;][vc_single_image image=&#8221;9004111227353683&#8243; img_size=&#8221;1024&#215;800&#8243; onclick=&#8221;custom_link&#8221; link=&#8221;https:\/\/magnorvinduet.no\/produkter\/vinduer\/&#8221;][vc_column_text el_class=&#8221;produkter-title&#8221;] F\u00f6nster [\/vc_column_text][vc_single_image image=&#8221;9004111227353684&#8243; img_size=&#8221;1024&#215;800&#8243; onclick=&#8221;custom_link&#8221; link=&#8221;https:\/\/magnorvinduet.no\/produkter\/glass\/&#8221;][vc_column_text el_class=&#8221;produkter-title&#8221;] Glas [\/vc_column_text][\/vc_column][vc_column width=&#8221;1\/3&#8243;][vc_single_image image=&#8221;9004111227353682&#8243; img_size=&#8221;1024&#215;800&#8243; onclick=&#8221;custom_link&#8221; link=&#8221;https:\/\/magnorvinduet.no\/produkter\/dorer\/&#8221;][vc_column_text el_class=&#8221;produkter-title&#8221;] D\u00f6rrar [\/vc_column_text][vc_single_image image=&#8221;9004111227353687&#8243; [&hellip;]<\/p>\n","protected":false},"author":1,"featured_media":0,"parent":0,"menu_order":3,"comment_status":"closed","ping_status":"closed","template":"","meta":{"footnotes":""},"class_list":["post-9004111227355718","page","type-page","status-publish","hentry"],"_links":{"self":[{"href":"https:\/\/magnorvinduet.no\/sv\/wp-json\/wp\/v2\/pages\/9004111227355718","targetHints":{"allow":["GET"]}}],"collection":[{"href":"https:\/\/magnorvinduet.no\/sv\/wp-json\/wp\/v2\/pages"}],"about":[{"href":"https:\/\/magnorvinduet.no\/sv\/wp-json\/wp\/v2\/types\/page"}],"author":[{"embeddable":true,"href":"https:\/\/magnorvinduet.no\/sv\/wp-json\/wp\/v2\/users\/1"}],"replies":[{"embeddable":true,"href":"https:\/\/magnorvinduet.no\/sv\/wp-json\/wp\/v2\/comments?post=9004111227355718"}],"version-history":[{"count":0,"href":"https:\/\/magnorvinduet.no\/sv\/wp-json\/wp\/v2\/pages\/9004111227355718\/revisions"}],"wp:attachment":[{"href":"https:\/\/magnorvinduet.no\/sv\/wp-json\/wp\/v2\/media?parent=9004111227355718"}],"curies":[{"name":"wp","href":"https:\/\/api.w.org\/{rel}","templated":true}]}}